{"id":55130,"date":"2020-08-26T10:26:03","date_gmt":"2020-08-26T00:26:03","guid":{"rendered":"https:\/\/desygner.com\/pt\/?page_id=55130"},"modified":"2020-09-02T02:30:38","modified_gmt":"2020-09-01T16:30:38","slug":"demonstracao-obrigado","status":"publish","type":"page","link":"https:\/\/desygner.com\/pt\/demonstracao-obrigado\/","title":{"rendered":"Solicitar Demonstra\u00e7\u00e3o &#8211; Obrigado"},"content":{"rendered":"<p>[vc_row full_width=&#8221;stretch_row&#8221; equal_height=&#8221;yes&#8221; content_placement=&#8221;middle&#8221; css=&#8221;.vc_custom_1589161505944{padding-top: 50px !important;padding-bottom: 50px !important;background-color: #f7f9fb !important;}&#8221;][vc_column width=&#8221;1\/2&#8243;][tek_sectiontitle st_title=&#8221;\u00d3timo! Recebemos sua solicita\u00e7\u00e3o.&#8221; st_title_tag=&#8221;h1&#8243; st_subtitle_decoration=&#8221;&#8221; st_title_size=&#8221;35px&#8221; st_separator_enable=&#8221;separator_off&#8221; st_text_align=&#8221;text-left&#8221; st_width=&#8221;st_fullwidth&#8221;][tek_sectiontitle st_title_tag=&#8221;&#8221; st_subtitle=&#8221;Nossa equipe est\u00e1 ansiosa para conhecer mais sobre as necessidades da sua empresa e de como a Desygner pode ajudar voc\u00ea.<\/p>\n<p>Por favor fique atento na sua caixa de entrada, que nos pr\u00f3ximos dias enviaremos um email a voc\u00ea.&#8221; st_subtitle_decoration=&#8221;&#8221; st_separator_enable=&#8221;separator_off&#8221; st_text_align=&#8221;text-left&#8221; st_width=&#8221;st_fullwidth&#8221; css=&#8221;.vc_custom_1598977775860{padding-top: 10px !important;}&#8221;][\/vc_column][vc_column width=&#8221;1\/2&#8243;][vc_single_image image=&#8221;55132&#8243; img_size=&#8221;large&#8221; alignment=&#8221;center&#8221;][\/vc_column][\/vc_row]<\/p>\n","protected":false},"excerpt":{"rendered":"<p>[vc_row full_width=&#8221;stretch_row&#8221; equal_height=&#8221;yes&#8221; content_placement=&#8221;middle&#8221; css=&#8221;.vc_custom_1589161505944{padding-top: 50px !important;padding-bottom: 50px !important;background-color: #f7f9fb !important;}&#8221;][vc_column width=&#8221;1\/2&#8243;][tek_sectiontitle st_title=&#8221;\u00d3timo! Recebemos sua solicita\u00e7\u00e3o.&#8221; st_title_tag=&#8221;h1&#8243; st_subtitle_decoration=&#8221;&#8221; st_title_size=&#8221;35px&#8221; st_separator_enable=&#8221;separator_off&#8221; st_text_align=&#8221;text-left&#8221; st_width=&#8221;st_fullwidth&#8221;][tek_sectiontitle st_title_tag=&#8221;&#8221; st_subtitle=&#8221;Nossa equipe est\u00e1 ansiosa [&hellip;]<\/p>\n","protected":false},"author":50,"featured_media":0,"parent":0,"menu_order":0,"comment_status":"closed","ping_status":"closed","template":"","meta":{"footnotes":""},"class_list":["post-55130","page","type-page","status-publish","hentry"],"yoast_head":"<!-- This site is optimized with the Yoast SEO plugin v24.5 - https:\/\/yoast.com\/wordpress\/plugins\/seo\/ -->\n<title>Solicitar Demonstra\u00e7\u00e3o - Obrigado %<\/title>\n<meta name=\"robots\" content=\"noindex, follow\" \/>\n<meta property=\"og:locale\" content=\"pt_PT\" \/>\n<meta property=\"og:type\" content=\"article\" \/>\n<meta property=\"og:title\" content=\"Solicitar Demonstra\u00e7\u00e3o - Obrigado %\" \/>\n<meta property=\"og:description\" content=\"[vc_row full_width=&#8221;stretch_row&#8221; equal_height=&#8221;yes&#8221; content_placement=&#8221;middle&#8221; css=&#8221;.vc_custom_1589161505944{padding-top: 50px !important;padding-bottom: 50px !important;background-color: #f7f9fb !important;}&#8221;][vc_column width=&#8221;1\/2&#8243;][tek_sectiontitle st_title=&#8221;\u00d3timo! Recebemos sua solicita\u00e7\u00e3o.&#8221; st_title_tag=&#8221;h1&#8243; st_subtitle_decoration=&#8221;&#8221; st_title_size=&#8221;35px&#8221; st_separator_enable=&#8221;separator_off&#8221; st_text_align=&#8221;text-left&#8221; st_width=&#8221;st_fullwidth&#8221;][tek_sectiontitle st_title_tag=&#8221;&#8221; st_subtitle=&#8221;Nossa equipe est\u00e1 ansiosa [&hellip;]\" \/>\n<meta property=\"og:url\" content=\"https:\/\/desygner.com\/pt\/demonstracao-obrigado\/\" \/>\n<meta property=\"og:site_name\" content=\"Desygner PT\" \/>\n<meta property=\"article:modified_time\" content=\"2020-09-01T16:30:38+00:00\" \/>\n<meta name=\"twitter:card\" content=\"summary_large_image\" \/>\n<meta name=\"twitter:site\" content=\"@DesygnerApp\" \/>\n<meta name=\"twitter:label1\" content=\"Tempo estimado de leitura\" \/>\n\t<meta name=\"twitter:data1\" content=\"1 minuto\" \/>\n<script type=\"application\/ld+json\" class=\"yoast-schema-graph\">{\"@context\":\"https:\/\/schema.org\",\"@graph\":[{\"@type\":\"WebPage\",\"@id\":\"https:\/\/desygner.com\/pt\/demonstracao-obrigado\/\",\"url\":\"https:\/\/desygner.com\/pt\/demonstracao-obrigado\/\",\"name\":\"Solicitar Demonstra\u00e7\u00e3o - Obrigado %\",\"isPartOf\":{\"@id\":\"https:\/\/desygner.com\/pt\/#website\"},\"datePublished\":\"2020-08-26T00:26:03+00:00\",\"dateModified\":\"2020-09-01T16:30:38+00:00\",\"breadcrumb\":{\"@id\":\"https:\/\/desygner.com\/pt\/demonstracao-obrigado\/#breadcrumb\"},\"inLanguage\":\"pt-PT\",\"potentialAction\":[{\"@type\":\"ReadAction\",\"target\":[\"https:\/\/desygner.com\/pt\/demonstracao-obrigado\/\"]}]},{\"@type\":\"BreadcrumbList\",\"@id\":\"https:\/\/desygner.com\/pt\/demonstracao-obrigado\/#breadcrumb\",\"itemListElement\":[{\"@type\":\"ListItem\",\"position\":1,\"name\":\"Home\",\"item\":\"https:\/\/desygner.com\/pt\/\"},{\"@type\":\"ListItem\",\"position\":2,\"name\":\"Solicitar Demonstra\u00e7\u00e3o &#8211; Obrigado\"}]},{\"@type\":\"WebSite\",\"@id\":\"https:\/\/desygner.com\/pt\/#website\",\"url\":\"https:\/\/desygner.com\/pt\/\",\"name\":\"Desygner PT\",\"description\":\"\",\"potentialAction\":[{\"@type\":\"SearchAction\",\"target\":{\"@type\":\"EntryPoint\",\"urlTemplate\":\"https:\/\/desygner.com\/pt\/?s={search_term_string}\"},\"query-input\":{\"@type\":\"PropertyValueSpecification\",\"valueRequired\":true,\"valueName\":\"search_term_string\"}}],\"inLanguage\":\"pt-PT\"}]}<\/script>\n<!-- \/ Yoast SEO plugin. -->","yoast_head_json":{"title":"Solicitar Demonstra\u00e7\u00e3o - Obrigado %","robots":{"index":"noindex","follow":"follow"},"og_locale":"pt_PT","og_type":"article","og_title":"Solicitar Demonstra\u00e7\u00e3o - Obrigado %","og_description":"[vc_row full_width=&#8221;stretch_row&#8221; equal_height=&#8221;yes&#8221; content_placement=&#8221;middle&#8221; css=&#8221;.vc_custom_1589161505944{padding-top: 50px !important;padding-bottom: 50px !important;background-color: #f7f9fb !important;}&#8221;][vc_column width=&#8221;1\/2&#8243;][tek_sectiontitle st_title=&#8221;\u00d3timo! Recebemos sua solicita\u00e7\u00e3o.&#8221; st_title_tag=&#8221;h1&#8243; st_subtitle_decoration=&#8221;&#8221; st_title_size=&#8221;35px&#8221; st_separator_enable=&#8221;separator_off&#8221; st_text_align=&#8221;text-left&#8221; st_width=&#8221;st_fullwidth&#8221;][tek_sectiontitle st_title_tag=&#8221;&#8221; st_subtitle=&#8221;Nossa equipe est\u00e1 ansiosa [&hellip;]","og_url":"https:\/\/desygner.com\/pt\/demonstracao-obrigado\/","og_site_name":"Desygner PT","article_modified_time":"2020-09-01T16:30:38+00:00","twitter_card":"summary_large_image","twitter_site":"@DesygnerApp","twitter_misc":{"Tempo estimado de leitura":"1 minuto"},"schema":{"@context":"https:\/\/schema.org","@graph":[{"@type":"WebPage","@id":"https:\/\/desygner.com\/pt\/demonstracao-obrigado\/","url":"https:\/\/desygner.com\/pt\/demonstracao-obrigado\/","name":"Solicitar Demonstra\u00e7\u00e3o - Obrigado %","isPartOf":{"@id":"https:\/\/desygner.com\/pt\/#website"},"datePublished":"2020-08-26T00:26:03+00:00","dateModified":"2020-09-01T16:30:38+00:00","breadcrumb":{"@id":"https:\/\/desygner.com\/pt\/demonstracao-obrigado\/#breadcrumb"},"inLanguage":"pt-PT","potentialAction":[{"@type":"ReadAction","target":["https:\/\/desygner.com\/pt\/demonstracao-obrigado\/"]}]},{"@type":"BreadcrumbList","@id":"https:\/\/desygner.com\/pt\/demonstracao-obrigado\/#breadcrumb","itemListElement":[{"@type":"ListItem","position":1,"name":"Home","item":"https:\/\/desygner.com\/pt\/"},{"@type":"ListItem","position":2,"name":"Solicitar Demonstra\u00e7\u00e3o &#8211; Obrigado"}]},{"@type":"WebSite","@id":"https:\/\/desygner.com\/pt\/#website","url":"https:\/\/desygner.com\/pt\/","name":"Desygner PT","description":"","potentialAction":[{"@type":"SearchAction","target":{"@type":"EntryPoint","urlTemplate":"https:\/\/desygner.com\/pt\/?s={search_term_string}"},"query-input":{"@type":"PropertyValueSpecification","valueRequired":true,"valueName":"search_term_string"}}],"inLanguage":"pt-PT"}]}},"_links":{"self":[{"href":"https:\/\/desygner.com\/pt\/wp-json\/wp\/v2\/pages\/55130","targetHints":{"allow":["GET"]}}],"collection":[{"href":"https:\/\/desygner.com\/pt\/wp-json\/wp\/v2\/pages"}],"about":[{"href":"https:\/\/desygner.com\/pt\/wp-json\/wp\/v2\/types\/page"}],"author":[{"embeddable":true,"href":"https:\/\/desygner.com\/pt\/wp-json\/wp\/v2\/users\/50"}],"replies":[{"embeddable":true,"href":"https:\/\/desygner.com\/pt\/wp-json\/wp\/v2\/comments?post=55130"}],"version-history":[{"count":3,"href":"https:\/\/desygner.com\/pt\/wp-json\/wp\/v2\/pages\/55130\/revisions"}],"predecessor-version":[{"id":55754,"href":"https:\/\/desygner.com\/pt\/wp-json\/wp\/v2\/pages\/55130\/revisions\/55754"}],"wp:attachment":[{"href":"https:\/\/desygner.com\/pt\/wp-json\/wp\/v2\/media?parent=55130"}],"curies":[{"name":"wp","href":"https:\/\/api.w.org\/{rel}","templated":true}]}}